{"id":7,"date":"2026-01-16T09:49:09","date_gmt":"2026-01-16T08:49:09","guid":{"rendered":"https:\/\/helloblog.io\/sk\/popular\/"},"modified":"2026-01-16T09:49:09","modified_gmt":"2026-01-16T08:49:09","slug":"popular","status":"publish","type":"page","link":"https:\/\/helloblog.io\/sk\/popular\/","title":{"rendered":"Ob\u013e\u00faben\u00e9"},"content":{"rendered":"","protected":false},"excerpt":{"rendered":"","protected":false},"author":0,"featured_media":0,"parent":0,"menu_order":0,"comment_status":"closed","ping_status":"closed","template":"template-popular.blade.php","meta":{"footnotes":""},"class_list":["post-7","page","type-page","status-publish","hentry"],"_links":{"self":[{"href":"https:\/\/helloblog.io\/sk\/wp-json\/wp\/v2\/pages\/7","targetHints":{"allow":["GET"]}}],"collection":[{"href":"https:\/\/helloblog.io\/sk\/wp-json\/wp\/v2\/pages"}],"about":[{"href":"https:\/\/helloblog.io\/sk\/wp-json\/wp\/v2\/types\/page"}],"replies":[{"embeddable":true,"href":"https:\/\/helloblog.io\/sk\/wp-json\/wp\/v2\/comments?post=7"}],"version-history":[{"count":0,"href":"https:\/\/helloblog.io\/sk\/wp-json\/wp\/v2\/pages\/7\/revisions"}],"wp:attachment":[{"href":"https:\/\/helloblog.io\/sk\/wp-json\/wp\/v2\/media?parent=7"}],"curies":[{"name":"wp","href":"https:\/\/api.w.org\/{rel}","templated":true}]}}