{"id":171,"date":"2026-01-27T08:28:03","date_gmt":"2026-01-27T07:28:03","guid":{"rendered":"https:\/\/helloblog.io\/lt\/lost-password\/"},"modified":"2026-01-27T08:28:03","modified_gmt":"2026-01-27T07:28:03","slug":"lost-password","status":"publish","type":"page","link":"https:\/\/helloblog.io\/lt\/lost-password\/","title":{"rendered":"Pamir\u0161au slapta\u017eod\u012f"},"content":{"rendered":"","protected":false},"excerpt":{"rendered":"","protected":false},"author":0,"featured_media":0,"parent":0,"menu_order":0,"comment_status":"closed","ping_status":"closed","template":"template-lost-password.blade.php","meta":{"footnotes":""},"class_list":["post-171","page","type-page","status-publish","hentry"],"_links":{"self":[{"href":"https:\/\/helloblog.io\/lt\/wp-json\/wp\/v2\/pages\/171","targetHints":{"allow":["GET"]}}],"collection":[{"href":"https:\/\/helloblog.io\/lt\/wp-json\/wp\/v2\/pages"}],"about":[{"href":"https:\/\/helloblog.io\/lt\/wp-json\/wp\/v2\/types\/page"}],"replies":[{"embeddable":true,"href":"https:\/\/helloblog.io\/lt\/wp-json\/wp\/v2\/comments?post=171"}],"version-history":[{"count":0,"href":"https:\/\/helloblog.io\/lt\/wp-json\/wp\/v2\/pages\/171\/revisions"}],"wp:attachment":[{"href":"https:\/\/helloblog.io\/lt\/wp-json\/wp\/v2\/media?parent=171"}],"curies":[{"name":"wp","href":"https:\/\/api.w.org\/{rel}","templated":true}]}}